{"id":4,"date":"2016-05-04T08:49:28","date_gmt":"2016-05-04T08:49:28","guid":{"rendered":"http:\/\/design.acqua-mondo.de\/?page_id=4"},"modified":"2018-01-19T13:34:08","modified_gmt":"2018-01-19T13:34:08","slug":"startseite","status":"publish","type":"page","link":"https:\/\/incanto-artdesign.de\/","title":{"rendered":"Startseite"},"content":{"rendered":"<div class=\"container\">\n<h1><span class=\"z_2\">INCANTO ARTDESIGN<\/span><br \/>\n<span class=\"z_1\">DEKORATIV, KREATIV, \u00d6KOLOGISCH, INNOVATIV<\/span><\/h1>\n<p>&nbsp;<\/p>\n<div class=\"row\">\n<div class=\"col-md-6\">\n<strong>Dekorative Beschichtungen f\u00fcr jedes Material.<\/strong> Wir beschichten mit unserem ganz speziellem Beschichtungsmaterial f\u00fcr Sie W\u00e4nde, B\u00f6den, Decken oder M\u00f6bel. Wir haben die Probleme im Sanit\u00e4rbereich analysiert, erkannt und daraufhin eine kreative, innovative und technische L\u00f6sung entwickelt.<br \/>\n<\/div>\n<div class=\"col-md-6\">\nDurch unsere neue Technik k\u00f6nnen wir nun zuk\u00fcnftig Verkalkungen an Duschkabinen, Badewannen, Waschbecken minimieren. Schimmelpilzpildungen in Fliesenfugen und Silikonfugen geh\u00f6ren von jetzt an, der Vergangenheit.<br \/>\n<\/div>\n<\/div>\n<p>&nbsp;<\/p>\n<div class=\"row\">\n<div class=\"col-md-6\">\nKeine Demontage Ihrer alten Fliesen, wir behandeln und beschichten den Untergrund Wasserfest und mindern dadurch das Risiko eine Schimmelpilzbefalls in feuchten R\u00e4umen. <\/p>\n<p>Ausserdem werden Ihre W\u00e4nde, Boden oder Decke auf Wunsch kreativ gestaltet und schaffen Ihnen ein absolutes Unikat was nur Sie besitzen in Ihren R\u00e4umen.<br \/>\n<\/div>\n<div class=\"col-md-6\">\n<strong>Ihre Vorteile gegen\u00fcber herk\u00f6mmlichen Fliesen:<\/strong><br \/>\n&#8211; Schnelle Fertigung und Montage<br \/>\n&#8211; Jedes Muster ein exklusives Unikat<br \/>\n&#8211; Leichte Reinigung, durch den Wegfall von Fliesenfugen.<br \/>\n&#8211; Einfach zu reparieren und im schnell wiederherstellbar<br \/>\n&#8211; Hohe mechanische chemische Resistenz<br \/>\n&#8211; Absolut staubfrei<\/p>\n<\/div>\n<\/div>\n<\/div>\n\n<div class=\"container\"><!--<h2 class=\"featurette-heading animation_focus_2 title_paddings\">Unsere Bereiche<\/h2>-->\n <p class='headline'>\n<p class=\"headline\">\n<\/p>            <div class=\"row\" style=\"border:0px solid black;\">\n            \t\t\n\t\t<div class=\"col-md-6 \"> \n\t\t \n\t\t\n\t\t <div class=\"thumbnail\">\n\t\t  \n\t\t\t<a href=\"https:\/\/incanto-artdesign.de\/?page_id=12\" >\n\t\t\t<img style=\"width:100%;\" src=\"https:\/\/incanto-artdesign.de\/wp-content\/uploads\/2016\/05\/kreative_bodenbeschichtung.jpg\" alt=\"\" >\n\t\t\t<\/a>\n\t\t\t<!--<div class=\"caption\">\n\t\t\t<h3><\/h3>-->\n\t\t\t<!--<p>-->\n\t\t\t\t\t\t<!--<\/p>-->\n\t\t\t\n\t\t\t<!--\/\/wieder aktiviren-->\n\t\t\t<!--<p><a href=\"https:\/\/incanto-artdesign.de\/?page_id=12\" >\t<span class=\"glyphicon glyphicon-search\"> <\/span> mehr <\/a><\/p>-->\n\t\t\t\n\t\t\n\t\t\n\n\t\t\n\t\n\t\t\n\t\t\n\t\t\n\n\t\t\t\t<!--caption wieder aktivieren \t<\/div>-->\n\t\n\t<\/div>   \n<\/div>\n             \t\t\n\t\t<div class=\"col-md-6 \"> \n\t\t \n\t\t\n\t\t <div class=\"thumbnail\">\n\t\t  \n\t\t\t<a href=\"https:\/\/incanto-artdesign.de\/?page_id=6\" >\n\t\t\t<img style=\"width:100%;\" src=\"https:\/\/incanto-artdesign.de\/wp-content\/uploads\/2016\/05\/exklusives_baddesign.jpg\" alt=\"\" >\n\t\t\t<\/a>\n\t\t\t<!--<div class=\"caption\">\n\t\t\t<h3><\/h3>-->\n\t\t\t<!--<p>-->\n\t\t\t\t\t\t<!--<\/p>-->\n\t\t\t\n\t\t\t<!--\/\/wieder aktiviren-->\n\t\t\t<!--<p><a href=\"https:\/\/incanto-artdesign.de\/?page_id=6\" >\t<span class=\"glyphicon glyphicon-search\"> <\/span> mehr <\/a><\/p>-->\n\t\t\t\n\t\t\n\t\t\n\n\t\t\n\t\n\t\t\n\t\t\n\t\t\n\n\t\t\t\t<!--caption wieder aktivieren \t<\/div>-->\n\t\n\t<\/div>   \n<\/div>\n                  \n                <\/div>\n                 \n                        <div class=\"row\" style=\"border:0px solid black;\">\n            \t\t\n\t\t<div class=\"col-md-6 \"> \n\t\t \n\t\t\n\t\t <div class=\"thumbnail\">\n\t\t  \n\t\t\t<a href=\"https:\/\/incanto-artdesign.de\/?page_id=453\" >\n\t\t\t<img style=\"width:100%;\" src=\"https:\/\/incanto-artdesign.de\/wp-content\/uploads\/2016\/05\/spanndecken-1.jpg\" alt=\"\" >\n\t\t\t<\/a>\n\t\t\t<!--<div class=\"caption\">\n\t\t\t<h3><\/h3>-->\n\t\t\t<!--<p>-->\n\t\t\t\t\t\t<!--<\/p>-->\n\t\t\t\n\t\t\t<!--\/\/wieder aktiviren-->\n\t\t\t<!--<p><a href=\"https:\/\/incanto-artdesign.de\/?page_id=453\" >\t<span class=\"glyphicon glyphicon-search\"> <\/span> mehr <\/a><\/p>-->\n\t\t\t\n\t\t\n\t\t\n\n\t\t\n\t\n\t\t\n\t\t\n\t\t\n\n\t\t\t\t<!--caption wieder aktivieren \t<\/div>-->\n\t\n\t<\/div>   \n<\/div>\n             \t\t\n\t\t<div class=\"col-md-6 \"> \n\t\t \n\t\t\n\t\t <div class=\"thumbnail\">\n\t\t  \n\t\t\t<a href=\"https:\/\/incanto-artdesign.de\/?page_id=12\" >\n\t\t\t<img style=\"width:100%;\" src=\"https:\/\/incanto-artdesign.de\/wp-content\/uploads\/2016\/05\/wanddesign.jpg\" alt=\"\" >\n\t\t\t<\/a>\n\t\t\t<!--<div class=\"caption\">\n\t\t\t<h3><\/h3>-->\n\t\t\t<!--<p>-->\n\t\t\t\t\t\t<!--<\/p>-->\n\t\t\t\n\t\t\t<!--\/\/wieder aktiviren-->\n\t\t\t<!--<p><a href=\"https:\/\/incanto-artdesign.de\/?page_id=12\" >\t<span class=\"glyphicon glyphicon-search\"> <\/span> mehr <\/a><\/p>-->\n\t\t\t\n\t\t\n\t\t\n\n\t\t\n\t\n\t\t\n\t\t\n\t\t\n\n\t\t\t\t<!--caption wieder aktivieren \t<\/div>-->\n\t\n\t<\/div>   \n<\/div>\n                  \n                <\/div>\n                 \n                      \n         <\/div>\n<div class=\"container\"><div class=\"row\"><div class=\"col-md-12\">\n<p>Eigene Projektbilder Bilder Quelle: Gobetto und unterandererem von Artist Mino Longo<\/p>\n<\/div><\/div><\/div>\n","protected":false},"excerpt":{"rendered":"","protected":false},"author":1,"featured_media":0,"parent":0,"menu_order":0,"comment_status":"closed","ping_status":"closed","template":"start.php","meta":{"ngg_post_thumbnail":0},"_links":{"self":[{"href":"https:\/\/incanto-artdesign.de\/index.php?rest_route=\/wp\/v2\/pages\/4"}],"collection":[{"href":"https:\/\/incanto-artdesign.de\/index.php?rest_route=\/wp\/v2\/pages"}],"about":[{"href":"https:\/\/incanto-artdesign.de\/index.php?rest_route=\/wp\/v2\/types\/page"}],"author":[{"embeddable":true,"href":"https:\/\/incanto-artdesign.de\/index.php?rest_route=\/wp\/v2\/users\/1"}],"replies":[{"embeddable":true,"href":"https:\/\/incanto-artdesign.de\/index.php?rest_route=%2Fwp%2Fv2%2Fcomments&post=4"}],"version-history":[{"count":29,"href":"https:\/\/incanto-artdesign.de\/index.php?rest_route=\/wp\/v2\/pages\/4\/revisions"}],"predecessor-version":[{"id":539,"href":"https:\/\/incanto-artdesign.de\/index.php?rest_route=\/wp\/v2\/pages\/4\/revisions\/539"}],"wp:attachment":[{"href":"https:\/\/incanto-artdesign.de\/index.php?rest_route=%2Fwp%2Fv2%2Fmedia&parent=4"}],"curies":[{"name":"wp","href":"https:\/\/api.w.org\/{rel}","templated":true}]}}