{"id":453,"date":"2016-05-30T14:13:08","date_gmt":"2016-05-30T14:13:08","guid":{"rendered":"http:\/\/design.acqua-mondo.de\/?page_id=453"},"modified":"2016-05-30T15:59:30","modified_gmt":"2016-05-30T15:59:30","slug":"spanndecken-2","status":"publish","type":"page","link":"https:\/\/incanto-artdesign.de\/?page_id=453","title":{"rendered":"Spanndecken"},"content":{"rendered":"<div class=\"row\">\n<div class=\"col-md-6\">\nSpanndecken sind beleuchtete Deckensysteme die Sie in allen Bereichen einsetzen k\u00f6nnen. <\/p>\n<p>Die Wohnr\u00e4ume z.B. Bad, K\u00fcche, Wohnzimmer oder Kinderzimmer werden wir Ihre bisherigen Decken einfach unterspannen, welches von einer Wand zur anderen gespannt wird. <\/p>\n<p>Ob gl\u00e4nzend oder matt, egal welches Ma\u00df oder Form Sie auch w\u00fcnschen, lassen sich durch Spanndecken ihre Tr\u00e4ume schnell verwirklichen.<\/p>\n<p>Die Spanndecke l\u00e4\u00dft sich mit spezieller Lichttechnik, Ihre gesamte R\u00e4ume gleichm\u00e4\u00dfig ausleuchten, sind dimmbar und sogar variabel per Fernbedienung in Ihrer Farbgebung.<\/p>\n<\/div>\n<div class=\"col-md-6\">Spanndecken werden h\u00e4ufig f\u00fcr den geringen Stromverbrauch und die geringe W\u00e4rementwicklung mit LED Lichttechnik ausgestattet. Mit einer Lichtdecke schaffen Sie harmonische Stimmung und eine erholsame Athmosph\u00e4re. <\/p>\n<p>Spanndecken oder auch Lichtdecken geh\u00f6ren heute zu einer ganz neuen Generation und k\u00f6nnen durch ein schlichtes oder auch modernes Design zum Highlight Ihrer R\u00e4ume werden.<\/p>\n<p><strong>Lassen Sie sich jetzt unverbindlich beraten!<\/strong><br \/>\n<\/div>\n<\/div>\n&nbsp;<br \/>\n<link href=\"https:\/\/fonts.googleapis.com\/css?family=Roboto:500\" rel=\"stylesheet\" property=\"stylesheet\" type=\"text\/css\" media=\"all\" \/><script type=\"text\/javascript\" src=\"https:\/\/incanto-artdesign.de\/wp-content\/plugins\/revslider\/public\/assets\/js\/jquery.themepunch.tools.min.js?rev=5.1.4\"><\/script><script type=\"text\/javascript\" src=\"https:\/\/incanto-artdesign.de\/wp-content\/plugins\/revslider\/public\/assets\/js\/jquery.themepunch.revolution.min.js?rev=5.1.4\"><\/script>\n<div id=\"rev_slider_6_1_wrapper\" class=\"rev_slider_wrapper fullwidthbanner-container\" style=\"margin:0px auto;background-color:#111111;padding:0px;margin-top:0px;margin-bottom:0px;\">\n<!-- START REVOLUTION SLIDER 5.1.4 auto mode -->\n\t<div id=\"rev_slider_6_1\" class=\"rev_slider fullwidthabanner\" style=\"display:none;\" data-version=\"5.1.4\">\n<ul>\t<!-- SLIDE  -->\n\t<li data-index=\"rs-156\" data-transition=\"fade\" data-slotamount=\"default\"  data-easein=\"default\" data-easeout=\"default\" data-masterspeed=\"300\"  data-thumb=\"https:\/\/incanto-artdesign.de\/wp-content\/uploads\/2016\/05\/front-80x80.jpg\"  data-rotate=\"0\"  data-fstransition=\"fade\" data-fsmasterspeed=\"1500\" data-fsslotamount=\"7\" data-saveperformance=\"off\"  data-title=\"Slide\" data-param1=\"\" data-param2=\"\" data-param3=\"\" data-param4=\"\" data-param5=\"\" data-param6=\"\" data-param7=\"\" data-param8=\"\" data-param9=\"\" data-param10=\"\" data-description=\"\">\n\t\t<!-- MAIN IMAGE -->\n\t\t<img src=\"https:\/\/incanto-artdesign.de\/wp-content\/plugins\/revslider\/admin\/assets\/images\/dummy.png\"  alt=\"\"  width=\"893\" height=\"1000\" data-lazyload=\"https:\/\/incanto-artdesign.de\/wp-content\/uploads\/2016\/05\/front.jpg\" data-bgposition=\"center center\" data-bgfit=\"cover\" data-bgrepeat=\"no-repeat\" data-bgparallax=\"off\" class=\"rev-slidebg\" data-no-retina>\n\t\t<!-- LAYERS -->\n\t<\/li>\n\t<!-- SLIDE  -->\n\t<li data-index=\"rs-158\" data-transition=\"fade\" data-slotamount=\"default\"  data-easein=\"default\" data-easeout=\"default\" data-masterspeed=\"300\"  data-thumb=\"https:\/\/incanto-artdesign.de\/wp-content\/uploads\/2016\/05\/spanndecke_poppenweiler_eingang-80x80.jpg\"  data-rotate=\"0\"  data-saveperformance=\"off\"  data-title=\"Slide\" data-param1=\"\" data-param2=\"\" data-param3=\"\" data-param4=\"\" data-param5=\"\" data-param6=\"\" data-param7=\"\" data-param8=\"\" data-param9=\"\" data-param10=\"\" data-description=\"\">\n\t\t<!-- MAIN IMAGE -->\n\t\t<img src=\"https:\/\/incanto-artdesign.de\/wp-content\/plugins\/revslider\/admin\/assets\/images\/dummy.png\"  alt=\"\"  width=\"1000\" height=\"667\" data-lazyload=\"https:\/\/incanto-artdesign.de\/wp-content\/uploads\/2016\/05\/spanndecke_poppenweiler_eingang.jpg\" data-bgposition=\"center center\" data-bgfit=\"cover\" data-bgrepeat=\"no-repeat\" data-bgparallax=\"off\" class=\"rev-slidebg\" data-no-retina>\n\t\t<!-- LAYERS -->\n\t<\/li>\n\t<!-- SLIDE  -->\n\t<li data-index=\"rs-154\" data-transition=\"fade\" data-slotamount=\"default\"  data-easein=\"default\" data-easeout=\"default\" data-masterspeed=\"300\"  data-thumb=\"https:\/\/incanto-artdesign.de\/wp-content\/uploads\/2016\/05\/spanndecke_poppenweiler-80x80.jpg\"  data-rotate=\"0\"  data-saveperformance=\"off\"  data-title=\"Slide\" data-param1=\"\" data-param2=\"\" data-param3=\"\" data-param4=\"\" data-param5=\"\" data-param6=\"\" data-param7=\"\" data-param8=\"\" data-param9=\"\" data-param10=\"\" data-description=\"\">\n\t\t<!-- MAIN IMAGE -->\n\t\t<img src=\"https:\/\/incanto-artdesign.de\/wp-content\/plugins\/revslider\/admin\/assets\/images\/dummy.png\"  alt=\"\"  width=\"800\" height=\"807\" data-lazyload=\"https:\/\/incanto-artdesign.de\/wp-content\/uploads\/2016\/05\/spanndecke_poppenweiler.jpg\" data-bgposition=\"center center\" data-bgfit=\"cover\" data-bgrepeat=\"no-repeat\" data-bgparallax=\"off\" class=\"rev-slidebg\" data-no-retina>\n\t\t<!-- LAYERS -->\n\t<\/li>\n\t<!-- SLIDE  -->\n\t<li data-index=\"rs-159\" data-transition=\"fade\" data-slotamount=\"default\"  data-easein=\"default\" data-easeout=\"default\" data-masterspeed=\"300\"  data-thumb=\"https:\/\/incanto-artdesign.de\/wp-content\/uploads\/2016\/05\/spanndecke_bad_poppenweiler2-80x80.jpg\"  data-rotate=\"0\"  data-saveperformance=\"off\"  data-title=\"Slide\" data-param1=\"\" data-param2=\"\" data-param3=\"\" data-param4=\"\" data-param5=\"\" data-param6=\"\" data-param7=\"\" data-param8=\"\" data-param9=\"\" data-param10=\"\" data-description=\"\">\n\t\t<!-- MAIN IMAGE -->\n\t\t<img src=\"https:\/\/incanto-artdesign.de\/wp-content\/plugins\/revslider\/admin\/assets\/images\/dummy.png\"  alt=\"\"  width=\"1000\" height=\"1500\" data-lazyload=\"https:\/\/incanto-artdesign.de\/wp-content\/uploads\/2016\/05\/spanndecke_bad_poppenweiler2.jpg\" data-bgposition=\"center center\" data-bgfit=\"cover\" data-bgrepeat=\"no-repeat\" data-bgparallax=\"off\" class=\"rev-slidebg\" data-no-retina>\n\t\t<!-- LAYERS -->\n\t<\/li>\n<\/ul>\n<div class=\"tp-bannertimer\" style=\"height: 5px; background-color: rgba(0, 0, 0, 0.15);\"><\/div>\t<\/div>\n<script>var htmlDiv = document.getElementById(\"rs-plugin-settings-inline-css\"); var htmlDivCss=\"\";\n\t\t\t\tif(htmlDiv) {\n\t\t\t\t\thtmlDiv.innerHTML = htmlDiv.innerHTML + htmlDivCss;\n\t\t\t\t}else{\n\t\t\t\t\tvar htmlDiv = document.createElement(\"div\");\n\t\t\t\t\thtmlDiv.innerHTML = \"<style>\" + htmlDivCss + \"<\/style>\";\n\t\t\t\t\tdocument.getElementsByTagName(\"head\")[0].appendChild(htmlDiv.childNodes[0]);\n\t\t\t\t}\n\t\t\t<\/script>\n\t\t<script type=\"text\/javascript\">\n\t\t\t\t\t\t\/******************************************\n\t\t\t\t-\tPREPARE PLACEHOLDER FOR SLIDER\t-\n\t\t\t******************************************\/\n\n\t\t\tvar setREVStartSize=function(){\n\t\t\t\ttry{var e=new Object,i=jQuery(window).width(),t=9999,r=0,n=0,l=0,f=0,s=0,h=0;\n\t\t\t\t\te.c = jQuery('#rev_slider_6_1');\n\t\t\t\t\te.gridwidth = [800];\n\t\t\t\t\te.gridheight = [750];\n\t\t\t\t\t\t\t\n\t\t\t\t\te.sliderLayout = \"auto\";\n\t\t\t\t\tif(e.responsiveLevels&&(jQuery.each(e.responsiveLevels,function(e,f){f>i&&(t=r=f,l=e),i>f&&f>r&&(r=f,n=e)}),t>r&&(l=n)),f=e.gridheight[l]||e.gridheight[0]||e.gridheight,s=e.gridwidth[l]||e.gridwidth[0]||e.gridwidth,h=i\/s,h=h>1?1:h,f=Math.round(h*f),\"fullscreen\"==e.sliderLayout){var u=(e.c.width(),jQuery(window).height());if(void 0!=e.fullScreenOffsetContainer){var c=e.fullScreenOffsetContainer.split(\",\");if (c) jQuery.each(c,function(e,i){u=jQuery(i).length>0?u-jQuery(i).outerHeight(!0):u}),e.fullScreenOffset.split(\"%\").length>1&&void 0!=e.fullScreenOffset&&e.fullScreenOffset.length>0?u-=jQuery(window).height()*parseInt(e.fullScreenOffset,0)\/100:void 0!=e.fullScreenOffset&&e.fullScreenOffset.length>0&&(u-=parseInt(e.fullScreenOffset,0))}f=u}else void 0!=e.minHeight&&f<e.minHeight&&(f=e.minHeight);e.c.closest(\".rev_slider_wrapper\").css({height:f})\n\t\t\t\t\t\n\t\t\t\t}catch(d){console.log(\"Failure at Presize of Slider:\"+d)}\n\t\t\t};\n\t\t\t\t\t\t\n\t\t\t\t\n\t\t\tsetREVStartSize();\n\t\t\tfunction revslider_showDoubleJqueryError(sliderID) {\n\t\t\t\t\tvar errorMessage = \"Revolution Slider Error: You have some jquery.js library include that comes after the revolution files js include.\";\n\t\t\t\t\terrorMessage += \"<br> This includes make eliminates the revolution slider libraries, and make it not work.\";\n\t\t\t\t\terrorMessage += \"<br><br> To fix it you can:<br>&nbsp;&nbsp;&nbsp; 1. In the Slider Settings -> Troubleshooting set option:  <strong><b>Put JS Includes To Body<\/b><\/strong> option to true.\";\n\t\t\t\t\terrorMessage += \"<br>&nbsp;&nbsp;&nbsp; 2. Find the double jquery.js include and remove it.\";\n\t\t\t\t\terrorMessage = \"<span style='font-size:16px;color:#BC0C06;'>\" + errorMessage + \"<\/span>\";\n\t\t\t\t\t\tjQuery(sliderID).show().html(errorMessage);\n\t\t\t\t}\n\t\t\t\t\t\tvar tpj=jQuery;\n\t\t\ttpj.noConflict();\n\t\t\tvar revapi6;\n\t\t\ttpj(document).ready(function() {\n\t\t\t\tif(tpj(\"#rev_slider_6_1\").revolution == undefined){\n\t\t\t\t\trevslider_showDoubleJqueryError(\"#rev_slider_6_1\");\n\t\t\t\t}else{\n\t\t\t\t\trevapi6 = tpj(\"#rev_slider_6_1\").show().revolution({\n\t\t\t\t\t\tsliderType:\"carousel\",\njsFileLocation:\"\/\/incanto-artdesign.de\/wp-content\/plugins\/revslider\/public\/assets\/js\/\",\n\t\t\t\t\t\tsliderLayout:\"auto\",\n\t\t\t\t\t\tdottedOverlay:\"none\",\n\t\t\t\t\t\tdelay:9000,\n\t\t\t\t\t\tnavigation: {\n\t\t\t\t\t\t\tkeyboardNavigation:\"off\",\n\t\t\t\t\t\t\tkeyboard_direction: \"horizontal\",\n\t\t\t\t\t\t\tmouseScrollNavigation:\"off\",\n\t\t\t\t\t\t\tonHoverStop:\"off\",\n\t\t\t\t\t\t\ttouch:{\n\t\t\t\t\t\t\t\ttouchenabled:\"on\",\n\t\t\t\t\t\t\t\tswipe_threshold: 75,\n\t\t\t\t\t\t\t\tswipe_min_touches: 50,\n\t\t\t\t\t\t\t\tswipe_direction: \"horizontal\",\n\t\t\t\t\t\t\t\tdrag_block_vertical: false\n\t\t\t\t\t\t\t}\n\t\t\t\t\t\t\t,\n\t\t\t\t\t\t\tarrows: {\n\t\t\t\t\t\t\t\tstyle:\"uranus\",\n\t\t\t\t\t\t\t\tenable:true,\n\t\t\t\t\t\t\t\thide_onmobile:false,\n\t\t\t\t\t\t\t\thide_onleave:false,\n\t\t\t\t\t\t\t\ttmp:'',\n\t\t\t\t\t\t\t\tleft: {\n\t\t\t\t\t\t\t\t\th_align:\"left\",\n\t\t\t\t\t\t\t\t\tv_align:\"center\",\n\t\t\t\t\t\t\t\t\th_offset:30,\n\t\t\t\t\t\t\t\t\tv_offset:0\n\t\t\t\t\t\t\t\t},\n\t\t\t\t\t\t\t\tright: {\n\t\t\t\t\t\t\t\t\th_align:\"right\",\n\t\t\t\t\t\t\t\t\tv_align:\"center\",\n\t\t\t\t\t\t\t\t\th_offset:30,\n\t\t\t\t\t\t\t\t\tv_offset:0\n\t\t\t\t\t\t\t\t}\n\t\t\t\t\t\t\t}\n\t\t\t\t\t\t\t,\n\t\t\t\t\t\t\tthumbnails: {\n\t\t\t\t\t\t\t\tstyle:\"gyges\",\n\t\t\t\t\t\t\t\tenable:true,\n\t\t\t\t\t\t\t\twidth:60,\n\t\t\t\t\t\t\t\theight:60,\n\t\t\t\t\t\t\t\tmin_width:60,\n\t\t\t\t\t\t\t\twrapper_padding:20,\n\t\t\t\t\t\t\t\twrapper_color:\"#222222\",\n\t\t\t\t\t\t\t\twrapper_opacity:\"1\",\n\t\t\t\t\t\t\t\ttmp:'<span class=\"tp-thumb-img-wrap\">  <span class=\"tp-thumb-image\"><\/span><\/span>',\n\t\t\t\t\t\t\t\tvisibleAmount:9,\n\t\t\t\t\t\t\t\thide_onmobile:false,\n\t\t\t\t\t\t\t\thide_onleave:false,\n\t\t\t\t\t\t\t\tdirection:\"vertical\",\n\t\t\t\t\t\t\t\tspan:true,\n\t\t\t\t\t\t\t\tposition:\"outer-left\",\n\t\t\t\t\t\t\t\tspace:10,\n\t\t\t\t\t\t\t\th_align:\"left\",\n\t\t\t\t\t\t\t\tv_align:\"top\",\n\t\t\t\t\t\t\t\th_offset:0,\n\t\t\t\t\t\t\t\tv_offset:0\n\t\t\t\t\t\t\t}\n\t\t\t\t\t\t},\n\t\t\t\t\t\tcarousel: {\n\t\t\t\t\t\t\thorizontal_align: \"center\",\n\t\t\t\t\t\t\tvertical_align: \"center\",\n\t\t\t\t\t\t\tfadeout: \"on\",\n\t\t\t\t\t\t\tvary_fade: \"on\",\n\t\t\t\t\t\t\tmaxVisibleItems: 3,\n\t\t\t\t\t\t\tinfinity: \"on\",\n\t\t\t\t\t\t\tspace: 0,\n\t\t\t\t\t\t\tstretch: \"off\"\n\t\t\t\t\t\t},\n\t\t\t\t\t\tvisibilityLevels:[1240,1024,778,480],\n\t\t\t\t\t\tgridwidth:800,\n\t\t\t\t\t\tgridheight:750,\n\t\t\t\t\t\tlazyType:\"smart\",\n\t\t\t\t\t\tparallax: {\n\t\t\t\t\t\t\ttype:\"mouse\",\n\t\t\t\t\t\t\torigo:\"slidercenter\",\n\t\t\t\t\t\t\tspeed:2000,\n\t\t\t\t\t\t\tlevels:[2,3,4,5,6,7,12,16,10,50,47,48,49,50,51,55],\n\t\t\t\t\t\t\ttype:\"mouse\",\n\t\t\t\t\t\t},\n\t\t\t\t\t\tshadow:0,\n\t\t\t\t\t\tspinner:\"off\",\n\t\t\t\t\t\tstopLoop:\"on\",\n\t\t\t\t\t\tstopAfterLoops:0,\n\t\t\t\t\t\tstopAtSlide:1,\n\t\t\t\t\t\tshuffle:\"off\",\n\t\t\t\t\t\tautoHeight:\"off\",\n\t\t\t\t\t\thideThumbsOnMobile:\"off\",\n\t\t\t\t\t\thideSliderAtLimit:0,\n\t\t\t\t\t\thideCaptionAtLimit:0,\n\t\t\t\t\t\thideAllCaptionAtLilmit:0,\n\t\t\t\t\t\tdebugMode:false,\n\t\t\t\t\t\tfallbacks: {\n\t\t\t\t\t\t\tsimplifyAll:\"off\",\n\t\t\t\t\t\t\tnextSlideOnWindowFocus:\"off\",\n\t\t\t\t\t\t\tdisableFocusListener:false,\n\t\t\t\t\t\t}\n\t\t\t\t\t});\n\t\t\t\t}\n\t\t\t});\t\/*ready*\/\n\t\t<\/script>\n\t\t<script>\n\t\t\t\t\tvar htmlDivCss = unescape(\".uranus.tparrows%20%7B%0A%20%20width%3A50px%3B%0A%20%20height%3A50px%3B%0A%20%20background%3Atransparent%3B%0A%20%7D%0A%20.uranus.tparrows%3Abefore%20%7B%0A%20width%3A50px%3B%0A%20height%3A50px%3B%0A%20line-height%3A50px%3B%0A%20font-size%3A40px%3B%0A%20transition%3Aall%200.3s%3B%0A-webkit-transition%3Aall%200.3s%3B%0A%20%7D%0A%20%0A%20%20.uranus.tparrows%3Ahover%3Abefore%20%7B%0A%20%20%20%20opacity%3A0.75%3B%0A%20%20%7D%0A.gyges%20.tp-thumb%20%7B%20%0A%20%20%20%20%20%20opacity%3A1%0A%20%20%7D%0A.gyges%20.tp-thumb-img-wrap%20%7B%0A%20%20padding%3A3px%3B%0A%20%20%20%20background%3A%23000%3B%0A%20%20background-color%3Argba%280%2C0%2C0%2C0.25%29%3B%0A%20%20display%3Ainline-block%3B%0A%0A%20%20width%3A100%25%3B%0A%20%20height%3A100%25%3B%0A%20%20position%3Arelative%3B%0A%20%20margin%3A0px%3B%0A%20%20box-sizing%3Aborder-box%3B%0A%20%20%20%20transition%3Aall%200.3s%3B%0A%20%20%20%20-webkit-transition%3Aall%200.3s%3B%0A%7D%0A.gyges%20.tp-thumb-image%20%7B%0A%20%20%20padding%3A3px%3B%20%0A%20%20%20display%3Ablock%3B%0A%20%20%20box-sizing%3Aborder-box%3B%0A%20%20%20position%3Arelative%3B%0A%20%20%20%20-webkit-box-shadow%3A%20inset%205px%205px%2010px%200px%20rgba%280%2C0%2C0%2C0.25%29%3B%0A%20%20-moz-box-shadow%3A%20inset%205px%205px%2010px%200px%20rgba%280%2C0%2C0%2C0.25%29%3B%0A%20%20box-shadow%3A%20inset%205px%205px%2010px%200px%20rgba%280%2C0%2C0%2C0.25%29%3B%0A%20%7D%20%20%0A.gyges%20.tp-thumb-title%20%7B%20%0A%20%20%20%20%20position%3Aabsolute%3B%20%0A%20%20%20%20%20bottom%3A100%25%3B%20%0A%20%20%20%20%20display%3Ainline-block%3B%0A%20%20%20%20%20left%3A50%25%3B%0A%20%20%20%20%20background%3Argba%28255%2C255%2C255%2C0.8%29%3B%0A%20%20%20%20%20padding%3A10px%2030px%3B%0A%20%20%20%20%20border-radius%3A4px%3B%0A%09%20-webkit-border-radius%3A4px%3B%0A%20%20%20%20%20margin-bottom%3A20px%3B%0A%20%20%20%20%20opacity%3A0%3B%0A%20%20%20%20%20%20transition%3Aall%200.3s%3B%0A%20%20%20%20-webkit-transition%3Aall%200.3s%3B%0A%20%20%20%20transform%3A%20translateZ%280.001px%29%20translateX%28-50%25%29%20translateY%2814px%29%3B%0A%20%20%20%20transform-origin%3A50%25%20100%25%3B%0A%20%20%20%20-webkit-transform%3A%20translateZ%280.001px%29%20translateX%28-50%25%29%20translateY%2814px%29%3B%0A%20%20%20%20-webkit-transform-origin%3A50%25%20100%25%3B%0A%20%20%20%20white-space%3Anowrap%3B%0A%20%7D%0A.gyges%20.tp-thumb%3Ahover%20.tp-thumb-title%20%7B%0A%20%20%09%20transform%3ArotateX%280deg%29%20translateX%28-50%25%29%3B%0A%20%20%20%20-webkit-transform%3ArotateX%280deg%29%20translateX%28-50%25%29%3B%0A%20%20%20%20opacity%3A1%3B%0A%7D%0A%0A.gyges%20.tp-thumb%3Ahover%20.tp-thumb-img-wrap%2C%0A%20.gyges%20.tp-thumb.selected%20.tp-thumb-img-wrap%20%7B%0A%0A%20%20background%3A%20rgba%28255%2C255%2C255%2C1%29%3B%0A%20%20background%3A%20-moz-linear-gradient%28top%2C%20rgba%28255%2C255%2C255%2C1%29%200%25%2C%20rgba%28119%2C119%2C119%2C1%29%20100%25%29%3B%0A%20%20background%3A%20-webkit-gradient%28left%20top%2C%20left%20bottom%2C%20color-stop%280%25%2C%20rgba%28255%2C255%2C255%2C1%29%29%2C%20color-stop%28100%25%2C%20rgba%28119%2C119%2C119%2C1%29%29%29%3B%0A%20%20background%3A%20-webkit-linear-gradient%28top%2C%20rgba%28255%2C255%2C255%2C1%29%200%25%2C%20rgba%28119%2C119%2C119%2C1%29%20100%25%29%3B%0A%20%20background%3A%20-o-linear-gradient%28top%2C%20rgba%28255%2C255%2C255%2C1%29%200%25%2C%20rgba%28119%2C119%2C119%2C1%29%20100%25%29%3B%0A%20%20background%3A%20-ms-linear-gradient%28top%2C%20rgba%28255%2C255%2C255%2C1%29%200%25%2C%20rgba%28119%2C119%2C119%2C1%29%20100%25%29%3B%0A%20%20background%3A%20linear-gradient%28to%20bottom%2C%20rgba%28255%2C255%2C255%2C1%29%200%25%2C%20rgba%28119%2C119%2C119%2C1%29%20100%25%29%3B%0A%20%20filter%3A%20progid%3ADXImageTransform.Microsoft.gradient%28%20startColorstr%3D%22%23ffffff%22%2C%20endColorstr%3D%22%23777777%22%2C%20GradientType%3D0%20%29%3B%0A%20%7D%0A.gyges%20.tp-thumb-title%3Aafter%20%7B%0A%20%20%20%20%20%20%20%20content%3A%22%20%22%3B%0A%20%20%20%20%20%20%20%20position%3Aabsolute%3B%0A%20%20%20%20%20%20%20%20left%3A50%25%3B%0A%20%20%20%20%20%20%20%20margin-left%3A-8px%3B%0A%20%20%20%20%20%20%20%20width%3A%200%3B%0A%09%09height%3A%200%3B%0A%09%09border-style%3A%20solid%3B%0A%09%09border-width%3A%208px%208px%200%208px%3B%0A%09%09border-color%3A%20rgba%28255%2C255%2C255%2C0.8%29%20transparent%20transparent%20transparent%3B%0A%20%20%20%20%20%20%20%20bottom%3A-8px%3B%0A%20%20%20%7D%0A%0A\");\n\t\t\t\t\tvar htmlDiv = document.getElementById('rs-plugin-settings-inline-css');\n\t\t\t\t\tif(htmlDiv) {\n\t\t\t\t\t\thtmlDiv.innerHTML = htmlDiv.innerHTML + htmlDivCss;\n\t\t\t\t\t}\n\t\t\t\t\telse{\n\t\t\t\t\t\tvar htmlDiv = document.createElement('div');\n\t\t\t\t\t\thtmlDiv.innerHTML = '<style>' + htmlDivCss + '<\/style>';\n\t\t\t\t\t\tdocument.getElementsByTagName('head')[0].appendChild(htmlDiv.childNodes[0]);\n\t\t\t\t\t}\n\t\t\t\t  <\/script>\n\t\t\t\t<\/div><!-- END REVOLUTION SLIDER -->\n","protected":false},"excerpt":{"rendered":"&nbsp;","protected":false},"author":1,"featured_media":0,"parent":0,"menu_order":0,"comment_status":"closed","ping_status":"closed","template":"","meta":{"ngg_post_thumbnail":0},"_links":{"self":[{"href":"https:\/\/incanto-artdesign.de\/index.php?rest_route=\/wp\/v2\/pages\/453"}],"collection":[{"href":"https:\/\/incanto-artdesign.de\/index.php?rest_route=\/wp\/v2\/pages"}],"about":[{"href":"https:\/\/incanto-artdesign.de\/index.php?rest_route=\/wp\/v2\/types\/page"}],"author":[{"embeddable":true,"href":"https:\/\/incanto-artdesign.de\/index.php?rest_route=\/wp\/v2\/users\/1"}],"replies":[{"embeddable":true,"href":"https:\/\/incanto-artdesign.de\/index.php?rest_route=%2Fwp%2Fv2%2Fcomments&post=453"}],"version-history":[{"count":15,"href":"https:\/\/incanto-artdesign.de\/index.php?rest_route=\/wp\/v2\/pages\/453\/revisions"}],"predecessor-version":[{"id":477,"href":"https:\/\/incanto-artdesign.de\/index.php?rest_route=\/wp\/v2\/pages\/453\/revisions\/477"}],"wp:attachment":[{"href":"https:\/\/incanto-artdesign.de\/index.php?rest_route=%2Fwp%2Fv2%2Fmedia&parent=453"}],"curies":[{"name":"wp","href":"https:\/\/api.w.org\/{rel}","templated":true}]}}